{"id":1408,"date":"2023-05-07T23:57:25","date_gmt":"2023-05-07T23:57:25","guid":{"rendered":"https:\/\/hirmasgroup.com\/%d8%a8%d9%88%d8%a7%d8%a8-%d9%84%d8%a7%d9%8a%d9%81-%d8%b3%d8%aa%d8%a7%d9%8a%d9%84\/"},"modified":"2023-05-16T20:21:20","modified_gmt":"2023-05-16T20:21:20","slug":"%d8%a8%d9%88%d8%a7%d8%a8-%d9%84%d8%a7%d9%8a%d9%81-%d8%b3%d8%aa%d8%a7%d9%8a%d9%84","status":"publish","type":"page","link":"https:\/\/hirmasgroup.com\/ar\/%d8%a8%d9%88%d8%a7%d8%a8-%d9%84%d8%a7%d9%8a%d9%81-%d8%b3%d8%aa%d8%a7%d9%8a%d9%84\/","title":{"rendered":"\u00d8\u00a8\u00d9\u02c6\u00d8\u00a7\u00d8\u00a8 \u00d9\u201e\u00d8\u00a7\u00d9\u0160\u00d9\u0081 \u00d8\u00b3\u00d8\u00aa\u00d8\u00a7\u00d9\u0160\u00d9\u201e"},"content":{"rendered":"","protected":false},"excerpt":{"rendered":"","protected":false},"author":1,"featured_media":0,"parent":0,"menu_order":0,"comment_status":"closed","ping_status":"closed","template":"page-templates\/cocierge.php","meta":{"footnotes":""},"class_list":["post-1408","page","type-page","status-publish","hentry"],"acf":[],"_links":{"self":[{"href":"https:\/\/hirmasgroup.com\/ar\/wp-json\/wp\/v2\/pages\/1408","targetHints":{"allow":["GET"]}}],"collection":[{"href":"https:\/\/hirmasgroup.com\/ar\/wp-json\/wp\/v2\/pages"}],"about":[{"href":"https:\/\/hirmasgroup.com\/ar\/wp-json\/wp\/v2\/types\/page"}],"author":[{"embeddable":true,"href":"https:\/\/hirmasgroup.com\/ar\/wp-json\/wp\/v2\/users\/1"}],"replies":[{"embeddable":true,"href":"https:\/\/hirmasgroup.com\/ar\/wp-json\/wp\/v2\/comments?post=1408"}],"version-history":[{"count":1,"href":"https:\/\/hirmasgroup.com\/ar\/wp-json\/wp\/v2\/pages\/1408\/revisions"}],"predecessor-version":[{"id":1417,"href":"https:\/\/hirmasgroup.com\/ar\/wp-json\/wp\/v2\/pages\/1408\/revisions\/1417"}],"wp:attachment":[{"href":"https:\/\/hirmasgroup.com\/ar\/wp-json\/wp\/v2\/media?parent=1408"}],"curies":[{"name":"wp","href":"https:\/\/api.w.org\/{rel}","templated":true}]}}