{"id":246,"date":"2023-04-07T20:14:48","date_gmt":"2023-04-07T20:14:48","guid":{"rendered":"https:\/\/hirmasgroup.com\/%d8%aa%d8%a7%d8%b1%d9%8a%d8%ae%d9%86%d8%a7\/"},"modified":"2023-05-16T19:57:52","modified_gmt":"2023-05-16T19:57:52","slug":"%d8%aa%d8%a7%d8%b1%d9%8a%d8%ae%d9%86%d8%a7","status":"publish","type":"page","link":"https:\/\/hirmasgroup.com\/ar\/%d8%aa%d8%a7%d8%b1%d9%8a%d8%ae%d9%86%d8%a7\/","title":{"rendered":"\u00d8\u00aa\u00d8\u00a7\u00d8\u00b1\u00d9\u0160\u00d8\u00ae\u00d9\u2020\u00d8\u00a7"},"content":{"rendered":"","protected":false},"excerpt":{"rendered":"","protected":false},"author":1,"featured_media":0,"parent":0,"menu_order":0,"comment_status":"closed","ping_status":"closed","template":"page-templates\/our-history.php","meta":{"footnotes":""},"class_list":["post-246","page","type-page","status-publish","hentry"],"acf":[],"_links":{"self":[{"href":"https:\/\/hirmasgroup.com\/ar\/wp-json\/wp\/v2\/pages\/246","targetHints":{"allow":["GET"]}}],"collection":[{"href":"https:\/\/hirmasgroup.com\/ar\/wp-json\/wp\/v2\/pages"}],"about":[{"href":"https:\/\/hirmasgroup.com\/ar\/wp-json\/wp\/v2\/types\/page"}],"author":[{"embeddable":true,"href":"https:\/\/hirmasgroup.com\/ar\/wp-json\/wp\/v2\/users\/1"}],"replies":[{"embeddable":true,"href":"https:\/\/hirmasgroup.com\/ar\/wp-json\/wp\/v2\/comments?post=246"}],"version-history":[{"count":1,"href":"https:\/\/hirmasgroup.com\/ar\/wp-json\/wp\/v2\/pages\/246\/revisions"}],"predecessor-version":[{"id":1409,"href":"https:\/\/hirmasgroup.com\/ar\/wp-json\/wp\/v2\/pages\/246\/revisions\/1409"}],"wp:attachment":[{"href":"https:\/\/hirmasgroup.com\/ar\/wp-json\/wp\/v2\/media?parent=246"}],"curies":[{"name":"wp","href":"https:\/\/api.w.org\/{rel}","templated":true}]}}