{"id":260,"date":"2023-04-07T21:22:49","date_gmt":"2023-04-07T21:22:49","guid":{"rendered":"https:\/\/hirmasgroup.com\/%d8%a7%d9%84%d9%86%d9%82%d9%84-%d8%a7%d9%84%d8%aa%d9%86%d9%81%d9%8a%d8%b0%d9%8a\/"},"modified":"2023-05-16T20:09:16","modified_gmt":"2023-05-16T20:09:16","slug":"%d8%a7%d9%84%d9%86%d9%82%d9%84-%d8%a7%d9%84%d8%aa%d9%86%d9%81%d9%8a%d8%b0%d9%8a","status":"publish","type":"page","link":"https:\/\/hirmasgroup.com\/ar\/%d8%a7%d9%84%d9%86%d9%82%d9%84-%d8%a7%d9%84%d8%aa%d9%86%d9%81%d9%8a%d8%b0%d9%8a\/","title":{"rendered":"\u00d8\u00a7\u00d9\u201e\u00d9\u2020\u00d9\u201a\u00d9\u201e \u00d8\u00a7\u00d9\u201e\u00d8\u00aa\u00d9\u2020\u00d9\u0081\u00d9\u0160\u00d8\u00b0\u00d9\u0160"},"content":{"rendered":"","protected":false},"excerpt":{"rendered":"","protected":false},"author":1,"featured_media":0,"parent":0,"menu_order":0,"comment_status":"closed","ping_status":"closed","template":"page-templates\/executive-transportation.php","meta":{"footnotes":""},"class_list":["post-260","page","type-page","status-publish","hentry"],"acf":[],"_links":{"self":[{"href":"https:\/\/hirmasgroup.com\/ar\/wp-json\/wp\/v2\/pages\/260","targetHints":{"allow":["GET"]}}],"collection":[{"href":"https:\/\/hirmasgroup.com\/ar\/wp-json\/wp\/v2\/pages"}],"about":[{"href":"https:\/\/hirmasgroup.com\/ar\/wp-json\/wp\/v2\/types\/page"}],"author":[{"embeddable":true,"href":"https:\/\/hirmasgroup.com\/ar\/wp-json\/wp\/v2\/users\/1"}],"replies":[{"embeddable":true,"href":"https:\/\/hirmasgroup.com\/ar\/wp-json\/wp\/v2\/comments?post=260"}],"version-history":[{"count":1,"href":"https:\/\/hirmasgroup.com\/ar\/wp-json\/wp\/v2\/pages\/260\/revisions"}],"predecessor-version":[{"id":323,"href":"https:\/\/hirmasgroup.com\/ar\/wp-json\/wp\/v2\/pages\/260\/revisions\/323"}],"wp:attachment":[{"href":"https:\/\/hirmasgroup.com\/ar\/wp-json\/wp\/v2\/media?parent=260"}],"curies":[{"name":"wp","href":"https:\/\/api.w.org\/{rel}","templated":true}]}}