{"id":351,"date":"2023-04-08T01:45:47","date_gmt":"2023-04-08T01:45:47","guid":{"rendered":"https:\/\/hirmasgroup.com\/%d8%ae%d8%af%d9%85%d8%a9-%d8%b5%d9%81-%d8%a7%d9%84%d8%b3%d9%8a%d8%a7%d8%b1%d8%a7%d8%aa\/"},"modified":"2023-05-16T20:11:25","modified_gmt":"2023-05-16T20:11:25","slug":"%d8%ae%d8%af%d9%85%d8%a9-%d8%b5%d9%81-%d8%a7%d9%84%d8%b3%d9%8a%d8%a7%d8%b1%d8%a7%d8%aa","status":"publish","type":"page","link":"https:\/\/hirmasgroup.com\/ar\/%d8%ae%d8%af%d9%85%d8%a9-%d8%b5%d9%81-%d8%a7%d9%84%d8%b3%d9%8a%d8%a7%d8%b1%d8%a7%d8%aa\/","title":{"rendered":"\u00d8\u00ae\u00d8\u00af\u00d9\u2026\u00d8\u00a9 \u00d8\u00b5\u00d9\u0081 \u00d8\u00a7\u00d9\u201e\u00d8\u00b3\u00d9\u0160\u00d8\u00a7\u00d8\u00b1\u00d8\u00a7\u00d8\u00aa"},"content":{"rendered":"","protected":false},"excerpt":{"rendered":"","protected":false},"author":1,"featured_media":0,"parent":0,"menu_order":0,"comment_status":"closed","ping_status":"closed","template":"page-templates\/vallet-services.php","meta":{"footnotes":""},"class_list":["post-351","page","type-page","status-publish","hentry"],"acf":[],"_links":{"self":[{"href":"https:\/\/hirmasgroup.com\/ar\/wp-json\/wp\/v2\/pages\/351","targetHints":{"allow":["GET"]}}],"collection":[{"href":"https:\/\/hirmasgroup.com\/ar\/wp-json\/wp\/v2\/pages"}],"about":[{"href":"https:\/\/hirmasgroup.com\/ar\/wp-json\/wp\/v2\/types\/page"}],"author":[{"embeddable":true,"href":"https:\/\/hirmasgroup.com\/ar\/wp-json\/wp\/v2\/users\/1"}],"replies":[{"embeddable":true,"href":"https:\/\/hirmasgroup.com\/ar\/wp-json\/wp\/v2\/comments?post=351"}],"version-history":[{"count":1,"href":"https:\/\/hirmasgroup.com\/ar\/wp-json\/wp\/v2\/pages\/351\/revisions"}],"predecessor-version":[{"id":548,"href":"https:\/\/hirmasgroup.com\/ar\/wp-json\/wp\/v2\/pages\/351\/revisions\/548"}],"wp:attachment":[{"href":"https:\/\/hirmasgroup.com\/ar\/wp-json\/wp\/v2\/media?parent=351"}],"curies":[{"name":"wp","href":"https:\/\/api.w.org\/{rel}","templated":true}]}}